{"id":16,"date":"2026-03-06T12:47:57","date_gmt":"2026-03-06T11:47:57","guid":{"rendered":"https:\/\/delger.bplaced.net\/uebungsshop\/?page_id=16"},"modified":"2026-03-06T12:47:57","modified_gmt":"2026-03-06T11:47:57","slug":"impressum","status":"publish","type":"page","link":"https:\/\/delger.bplaced.net\/uebungsshop\/impressum\/","title":{"rendered":"Impressum"},"content":{"rendered":"\n<p>HAK Spittal\/Drau<br>Dir. Mag. Reinhold Strobl<br>Zernattostra\u00dfe 2<br>9800 Spittal\/Drau<br>Telefon: +43 4762 613 40<br>E-Mail: office@hakspittal.at<br><\/p>\n\n\n\n<p>Diese Site wurde f\u00fcr \u00dcbungszwecke erstellt. Sie k\u00f6nnen bei dieser Site keine Produkte kaufen. Sollten Ihnen problematische oder rechtswidrige Inhalte auffallen, bitten wir Sie, uns umgehend zu kontaktieren. This site was created for practice purposes. You cannot purchase products from this site. If you notice any problematic or illegal content, please contact us immediately.<\/p>\n","protected":false},"excerpt":{"rendered":"<p>HAK Spittal\/DrauDir. Mag. Reinhold StroblZernattostra\u00dfe 29800 Spittal\/DrauTelefon: +43 4762 613 40E-Mail: office@hakspittal.at Diese Site wurde f\u00fcr \u00dcbungszwecke erstellt. Sie k\u00f6nnen bei dieser Site keine Produkte kaufen. Sollten Ihnen problematische oder rechtswidrige Inhalte auffallen, bitten wir Sie, uns umgehend zu kontaktieren. This site was created for practice purposes. You cannot purchase products from this site. If [&hellip;]<\/p>\n","protected":false},"author":1,"featured_media":0,"parent":0,"menu_order":0,"comment_status":"closed","ping_status":"closed","template":"","meta":{"footnotes":""},"class_list":["post-16","page","type-page","status-publish","hentry"],"_links":{"self":[{"href":"https:\/\/delger.bplaced.net\/uebungsshop\/wp-json\/wp\/v2\/pages\/16","targetHints":{"allow":["GET"]}}],"collection":[{"href":"https:\/\/delger.bplaced.net\/uebungsshop\/wp-json\/wp\/v2\/pages"}],"about":[{"href":"https:\/\/delger.bplaced.net\/uebungsshop\/wp-json\/wp\/v2\/types\/page"}],"author":[{"embeddable":true,"href":"https:\/\/delger.bplaced.net\/uebungsshop\/wp-json\/wp\/v2\/users\/1"}],"replies":[{"embeddable":true,"href":"https:\/\/delger.bplaced.net\/uebungsshop\/wp-json\/wp\/v2\/comments?post=16"}],"version-history":[{"count":1,"href":"https:\/\/delger.bplaced.net\/uebungsshop\/wp-json\/wp\/v2\/pages\/16\/revisions"}],"predecessor-version":[{"id":17,"href":"https:\/\/delger.bplaced.net\/uebungsshop\/wp-json\/wp\/v2\/pages\/16\/revisions\/17"}],"wp:attachment":[{"href":"https:\/\/delger.bplaced.net\/uebungsshop\/wp-json\/wp\/v2\/media?parent=16"}],"curies":[{"name":"wp","href":"https:\/\/api.w.org\/{rel}","templated":true}]}}