{"id":46,"date":"2026-03-10T08:14:19","date_gmt":"2026-03-10T07:14:19","guid":{"rendered":"https:\/\/delger.bplaced.net\/uebungsshop\/?post_type=product&#038;p=46"},"modified":"2026-04-14T08:30:22","modified_gmt":"2026-04-14T06:30:22","slug":"beanie-with-logo","status":"publish","type":"product","link":"https:\/\/delger.bplaced.net\/uebungsshop\/produkt\/beanie-with-logo\/","title":{"rendered":"Beanie with Logo"},"content":{"rendered":"<p>Super sch\u00f6nes Produkt. Jetzt erh\u00e4ltlich! Einfach in unserem Shop bestellen. Kappe mit sch\u00f6nem Logo.<\/p>\n","protected":false},"excerpt":{"rendered":"<p>Kappe mit sch\u00f6nem Logo.<\/p>\n","protected":false},"featured_media":69,"comment_status":"open","ping_status":"closed","template":"","meta":[],"product_brand":[34],"product_cat":[42,58,55],"product_tag":[],"class_list":{"0":"post-46","1":"product","2":"type-product","3":"status-publish","4":"has-post-thumbnail","6":"product_brand-vinzwo","7":"product_cat-herren","8":"product_cat-sweatjacken-sweatshirts-sweatjacken-herren","9":"product_cat-sweatshirts-sweatjacken-herren","11":"first","12":"instock","13":"sale","14":"taxable","15":"shipping-taxable","16":"purchasable","17":"product-type-simple"},"_links":{"self":[{"href":"https:\/\/delger.bplaced.net\/uebungsshop\/wp-json\/wp\/v2\/product\/46","targetHints":{"allow":["GET"]}}],"collection":[{"href":"https:\/\/delger.bplaced.net\/uebungsshop\/wp-json\/wp\/v2\/product"}],"about":[{"href":"https:\/\/delger.bplaced.net\/uebungsshop\/wp-json\/wp\/v2\/types\/product"}],"replies":[{"embeddable":true,"href":"https:\/\/delger.bplaced.net\/uebungsshop\/wp-json\/wp\/v2\/comments?post=46"}],"wp:featuredmedia":[{"embeddable":true,"href":"https:\/\/delger.bplaced.net\/uebungsshop\/wp-json\/wp\/v2\/media\/69"}],"wp:attachment":[{"href":"https:\/\/delger.bplaced.net\/uebungsshop\/wp-json\/wp\/v2\/media?parent=46"}],"wp:term":[{"taxonomy":"product_brand","embeddable":true,"href":"https:\/\/delger.bplaced.net\/uebungsshop\/wp-json\/wp\/v2\/product_brand?post=46"},{"taxonomy":"product_cat","embeddable":true,"href":"https:\/\/delger.bplaced.net\/uebungsshop\/wp-json\/wp\/v2\/product_cat?post=46"},{"taxonomy":"product_tag","embeddable":true,"href":"https:\/\/delger.bplaced.net\/uebungsshop\/wp-json\/wp\/v2\/product_tag?post=46"}],"curies":[{"name":"wp","href":"https:\/\/api.w.org\/{rel}","templated":true}]}}